{"id":72,"date":"2019-09-26T18:21:33","date_gmt":"2019-09-26T21:21:33","guid":{"rendered":"https:\/\/powersias.com.br\/?page_id=72"},"modified":"2019-12-20T14:00:38","modified_gmt":"2019-12-20T17:00:38","slug":"sobre-naial-uttega","status":"publish","type":"page","link":"https:\/\/powersias.com.br\/index.php\/sobre-naial-uttega\/","title":{"rendered":"Sobre o autor"},"content":{"rendered":"<p>Ol\u00e1! Naial Uttega \u00e9 um pseud\u00f4nimo e prefiro n\u00e3o me identificar.<\/p>\n<p>Pelas Powersias voc\u00ea me conhecer\u00e1 melhor.<\/p>\n<p>Se quiser me mandar uma mensagem pessoal ou compartilhar uma Powersia sua comigo, ser\u00e1 com prazer que tentarei responder, sempre que poss\u00edvel.<\/p>\n<p><span style=\"color: #000000;\">Fale comigo <a style=\"color: #000000;\" href=\"https:\/\/powersias.com.br\/index.php\/fale-comigo\/\"><span style=\"text-decoration: underline;\"><em><strong>AQUI.<\/strong><\/em><\/span><\/a><\/span><\/p>\n<p>Muito obrigado pelo seu interesse e apoio.<\/p>\n<p>&nbsp;<\/p>\n<p>&nbsp;<\/p>\n<p>&nbsp;<\/p>\n","protected":false},"excerpt":{"rendered":"<p>Ol\u00e1! Naial Uttega \u00e9 um pseud\u00f4nimo e prefiro n\u00e3o me identificar. Pelas Powersias voc\u00ea me conhecer\u00e1 melhor. Se quiser me mandar uma mensagem pessoal ou&hellip;<\/p>\n","protected":false},"author":1,"featured_media":0,"parent":0,"menu_order":0,"comment_status":"closed","ping_status":"closed","template":"","meta":{"_mi_skip_tracking":false},"_links":{"self":[{"href":"https:\/\/powersias.com.br\/index.php\/wp-json\/wp\/v2\/pages\/72"}],"collection":[{"href":"https:\/\/powersias.com.br\/index.php\/wp-json\/wp\/v2\/pages"}],"about":[{"href":"https:\/\/powersias.com.br\/index.php\/wp-json\/wp\/v2\/types\/page"}],"author":[{"embeddable":true,"href":"https:\/\/powersias.com.br\/index.php\/wp-json\/wp\/v2\/users\/1"}],"replies":[{"embeddable":true,"href":"https:\/\/powersias.com.br\/index.php\/wp-json\/wp\/v2\/comments?post=72"}],"version-history":[{"count":8,"href":"https:\/\/powersias.com.br\/index.php\/wp-json\/wp\/v2\/pages\/72\/revisions"}],"predecessor-version":[{"id":1126,"href":"https:\/\/powersias.com.br\/index.php\/wp-json\/wp\/v2\/pages\/72\/revisions\/1126"}],"wp:attachment":[{"href":"https:\/\/powersias.com.br\/index.php\/wp-json\/wp\/v2\/media?parent=72"}],"curies":[{"name":"wp","href":"https:\/\/api.w.org\/{rel}","templated":true}]}}